{"id":2761,"date":"2023-05-04T13:16:13","date_gmt":"2023-05-04T11:16:13","guid":{"rendered":"http:\/\/www.moritz-barbarino.de\/?page_id=2761"},"modified":"2023-05-10T23:26:13","modified_gmt":"2023-05-10T21:26:13","slug":"warum-gitarre","status":"publish","type":"page","link":"http:\/\/www.moritz-barbarino.de\/?page_id=2761","title":{"rendered":"Warum Gitarre?"},"content":{"rendered":"\n<p><\/p>\n\n\n\n<p><\/p>\n\n\n\n<p>Warum ist denn die Gitarre das beste Instrument? W\u00fcrden das nicht alle Lehrer \u00fcber &#8222;ihr&#8220; Instrument sagen? Hier eine kurze und knappe Liste, wieso Gitarre spielen so toll ist:<\/p>\n\n\n\n<ul>\n<li>Man kann <strong>mehrstimmig<\/strong> spielen. Viele Instrumente k\u00f6nnen immer nur einen Ton auf einmal erzeugen, z.B. Fl\u00f6te, Trompete, Gesang<\/li>\n\n\n\n<li>Es K\u00f6nnen sehr <strong>viele unterschiedliche Kl\u00e4nge<\/strong> erzeugt werden. Die Gitarre ist ein vielseitiges Instrument, welches Akkorde, Melodien, verschiedene Klangfarben und auch durch den Holzk\u00f6rper Trommelger\u00e4usche kreieren kann (und noch viel mehr)<\/li>\n\n\n\n<li>Die Gitarre ist ein <strong>sehr beliebtes Instrument<\/strong>, mit einer Gitarre am Lagerfeuer ist man immer der Star des Abends!<\/li>\n\n\n\n<li>Im Gegensatz zu allen Blasinstrumenten kann man n\u00e4mlich w\u00e4hrend dem Gitarrenspiel auch dazu singen<\/li>\n\n\n\n<li>Das Klavier kann zwar noch mehr T\u00f6ne gleichzeitig erzeugen als die Gitarre, daf\u00fcr ist es jedoch viel gr\u00f6\u00dfer und sperriger und in der Anschaffung h\u00e4ufig kostspieliger. Der Transport und die Stimmung eines Klaviers sind teuer und aufw\u00e4ndig. Eine Gitarre packt man in die Tasche auf den R\u00fccken -&gt; fertig!<\/li>\n\n\n\n<li>Die Gitarre stimmen und Saiten wechseln kann jeder selbst machen<\/li>\n\n\n\n<li>Mit anderen Instrumenten kann die Gitarre wunderbar kombiniert werden, z.B. Streich- und Blasinstrumente, Gesang, Percussion, etc. Die Gitarre kann also gleichzeitig <strong>ein vollwertiges Solo- wie auch ein Begleitinstrument<\/strong> sein<\/li>\n\n\n\n<li>Als <strong>Grundlage f\u00fcr viele weitere Instrumente<\/strong> bietet die Gitarre einen tollen Einstieg in die Welt der Zupfinstrumente. E-Gitarre, Ukulele, Bassgitarre, etc.. ist alles schnell gelernt, wenn man schon die &#8222;normale&#8220; Gitarre spielen kann!<\/li>\n\n\n\n<li>Mit der Gitarre kann man sowohl klassische St\u00fccke als auch Folklore, Pop, Rock, Reggae und viele viele andere Musikrichtungen spielen. Auch das kann nicht jedes Instrument!<\/li>\n\n\n\n<li>Der <strong>Klang der Gitarre ist wesentlich leiser<\/strong> als der eines Schlagzeugs oder einer Trompete. Gut f\u00fcr alle Eltern, die nach einem stressigen Arbeitstag zuhause ihre Ruhe m\u00f6chten, wenn der Spr\u00f6ssling sein Instrument lernt \ud83d\ude09<\/li>\n<\/ul>\n","protected":false},"excerpt":{"rendered":"<p>Warum ist denn die Gitarre das beste Instrument? W\u00fcrden das nicht alle Lehrer \u00fcber &#8222;ihr&#8220; Instrument sagen? Hier eine kurze und knappe Liste, wieso Gitarre spielen so toll ist:<\/p>\n","protected":false},"author":1,"featured_media":0,"parent":0,"menu_order":0,"comment_status":"closed","ping_status":"closed","template":"","meta":[],"_links":{"self":[{"href":"http:\/\/www.moritz-barbarino.de\/index.php?rest_route=\/wp\/v2\/pages\/2761"}],"collection":[{"href":"http:\/\/www.moritz-barbarino.de\/index.php?rest_route=\/wp\/v2\/pages"}],"about":[{"href":"http:\/\/www.moritz-barbarino.de\/index.php?rest_route=\/wp\/v2\/types\/page"}],"author":[{"embeddable":true,"href":"http:\/\/www.moritz-barbarino.de\/index.php?rest_route=\/wp\/v2\/users\/1"}],"replies":[{"embeddable":true,"href":"http:\/\/www.moritz-barbarino.de\/index.php?rest_route=%2Fwp%2Fv2%2Fcomments&post=2761"}],"version-history":[{"count":9,"href":"http:\/\/www.moritz-barbarino.de\/index.php?rest_route=\/wp\/v2\/pages\/2761\/revisions"}],"predecessor-version":[{"id":2775,"href":"http:\/\/www.moritz-barbarino.de\/index.php?rest_route=\/wp\/v2\/pages\/2761\/revisions\/2775"}],"wp:attachment":[{"href":"http:\/\/www.moritz-barbarino.de\/index.php?rest_route=%2Fwp%2Fv2%2Fmedia&parent=2761"}],"curies":[{"name":"wp","href":"https:\/\/api.w.org\/{rel}","templated":true}]}}