{"id":2703,"date":"2023-05-03T09:29:12","date_gmt":"2023-05-03T07:29:12","guid":{"rendered":"http:\/\/www.moritz-barbarino.de\/?page_id=2703"},"modified":"2025-11-10T12:00:38","modified_gmt":"2025-11-10T10:00:38","slug":"ueber-mich","status":"publish","type":"page","link":"http:\/\/www.moritz-barbarino.de\/?page_id=2703","title":{"rendered":"\u00dcber Moritz"},"content":{"rendered":"\n<p><\/p>\n\n\n\n<p><\/p>\n\n\n\n<p>Moritz Barbarino, geboren 1986 in Mannheim, gestorben 2024 in Br\u00fchl. <strong>Seit dem f\u00fcnften Lebensjahr spielte er mit gro\u00dfer Begeisterung Gitarre<\/strong>, sowohl Solo als auch in kleinen Gruppen oder im gro\u00dfen Gitarrenorchester. Bei vielen Wettbewerben hat er erste Preise &#8211; mit dem Orchester bis auf Bundesebene &#8211; gewonnen. Konzertreisen brachten ihn nach Tschechien, \u00d6sterreich, Frankreich, Singapur, Malaysia, sowie mehrfach nach Spanien, Ungarn und Costa Rica und nat\u00fcrlich in viele Ecken unseres Heimatlandes. Auf einigen dieser Reisen wurden langj\u00e4hrige Freundschaften geschlossen, die er bis zu seinem Tod pflege. Dar\u00fcber hinaus hat er vor allem in der Br\u00fchler Gemeinde unz\u00e4hlige Veranstaltungen umrahmt, Ausstellungser\u00f6ffnungen, Neujahrsempfang, Blutspenderehrung, Afrikatag, Herbstmarkt, etc. und \u00fcber 100 Konzerte mit dem Orchester gespielt. Bereits in der Schule fing er an, Kinder und Jugendliche in diesem sch\u00f6nen Instrument zu unterrichten und <strong>2012 bis 2024 arbeitete er hauptberuflich als Gitarrenlehrer<\/strong>. Er war einige Jahre bei der Musikschule Mannheim als Lehrer t\u00e4tig und arbeitete 2021 bis 2024 als reiner Privatlehrer in der Gemeinde Br\u00fchl im Ortsteil Rohrhof mit einer Kooperation mit der Marion-D\u00f6nhoff-Realschule Br\u00fchl\/Ketsch, f\u00fcr die er bereits seit vielen Jahren als externe Lehrkraft deren erfolgreiches Projekt der Gitarrenklassen f\u00fcr F\u00fcnft- und Sechstkl\u00e4ssler unterst\u00fctzend begleitete.<\/p>\n\n\n<div class=\"wp-block-image\">\n<figure class=\"alignleft size-large is-resized\"><a href=\"http:\/\/www.moritz-barbarino.de\/wp-content\/uploads\/2023\/05\/konzertweb.jpg\"><img decoding=\"async\" loading=\"lazy\" src=\"http:\/\/www.moritz-barbarino.de\/wp-content\/uploads\/2023\/05\/konzertweb-1024x768.jpg\" alt=\"Nach einem spontanen Konzert mit einer mexikanischen Gruppe auf der Stra\u00dfe in Costa Rica\" class=\"wp-image-2710\" width=\"334\" height=\"249\"\/><\/a><figcaption class=\"wp-element-caption\"><strong>Nach einem spontanen Konzert mit einer mexikanischen Gruppe auf der Stra\u00dfe in Costa Rica<\/strong> (August 2018)<\/figcaption><\/figure><\/div>\n\n\n<p><strong>Lehrer und Mentor war sein Vater Walter Barbarino<\/strong>, der ihn bereits seit seiner fr\u00fchen Kindheit mit der Musik in Kontakt brachte. Fast alles, was er \u00fcber Musik, die Gitarre, die kleinen Geheimnisse des erfolgreichen Unterrichtens, das Verspr\u00fchen der Begeisterung auf Sch\u00fcler und Zuh\u00f6rer und vieles drumherum wei\u00df, lernte er von ihm. Seit Walters Tod im Jahr 2022 unterrichtete Moritz zus\u00e4tzlich Sch\u00fcler von ihm und hatte die Leitung des Gitarrenorchesters &#8222;fascinatio citharis&#8220; \u00fcbernommen. Ein gro\u00dfes Erbe, welches er mit Stolz und viel Dankbarkeit weitergef\u00fchrt hat.<\/p>\n\n\n\n<p><\/p>\n","protected":false},"excerpt":{"rendered":"<p>Moritz Barbarino, geboren 1986 in Mannheim, gestorben 2024 in Br\u00fchl. Seit dem f\u00fcnften Lebensjahr spielte er mit gro\u00dfer Begeisterung Gitarre, sowohl Solo als auch in kleinen Gruppen oder im gro\u00dfen Gitarrenorchester. Bei vielen Wettbewerben hat er erste Preise &#8211; mit&#8230;<\/p>\n","protected":false},"author":1,"featured_media":0,"parent":0,"menu_order":0,"comment_status":"closed","ping_status":"closed","template":"","meta":[],"_links":{"self":[{"href":"http:\/\/www.moritz-barbarino.de\/index.php?rest_route=\/wp\/v2\/pages\/2703"}],"collection":[{"href":"http:\/\/www.moritz-barbarino.de\/index.php?rest_route=\/wp\/v2\/pages"}],"about":[{"href":"http:\/\/www.moritz-barbarino.de\/index.php?rest_route=\/wp\/v2\/types\/page"}],"author":[{"embeddable":true,"href":"http:\/\/www.moritz-barbarino.de\/index.php?rest_route=\/wp\/v2\/users\/1"}],"replies":[{"embeddable":true,"href":"http:\/\/www.moritz-barbarino.de\/index.php?rest_route=%2Fwp%2Fv2%2Fcomments&post=2703"}],"version-history":[{"count":19,"href":"http:\/\/www.moritz-barbarino.de\/index.php?rest_route=\/wp\/v2\/pages\/2703\/revisions"}],"predecessor-version":[{"id":2851,"href":"http:\/\/www.moritz-barbarino.de\/index.php?rest_route=\/wp\/v2\/pages\/2703\/revisions\/2851"}],"wp:attachment":[{"href":"http:\/\/www.moritz-barbarino.de\/index.php?rest_route=%2Fwp%2Fv2%2Fmedia&parent=2703"}],"curies":[{"name":"wp","href":"https:\/\/api.w.org\/{rel}","templated":true}]}}